{"id":18,"date":"2020-09-23T21:58:48","date_gmt":"2020-09-23T21:58:48","guid":{"rendered":"https:\/\/glutenfrei.reginabruetsch.de\/?page_id=18"},"modified":"2025-10-01T13:18:12","modified_gmt":"2025-10-01T13:18:12","slug":"hi","status":"publish","type":"page","link":"https:\/\/glutenfrei.reginabruetsch.de\/","title":{"rendered":"HI"},"content":{"rendered":"\t\t<div data-elementor-type=\"wp-page\" data-elementor-id=\"18\" class=\"elementor elementor-18\" data-elementor-post-type=\"page\">\n\t\t\t\t\t\t<section class=\"elementor-section elementor-top-section elementor-element elementor-element-3d7f473 elementor-section-boxed elementor-section-height-default elementor-section-height-default\" data-id=\"3d7f473\" data-element_type=\"section\" data-e-type=\"section\">\n\t\t\t\t\t\t<div class=\"elementor-container elementor-column-gap-default\">\n\t\t\t\t\t<div class=\"elementor-column elementor-col-100 elementor-top-column elementor-element elementor-element-affbc4a\" data-id=\"affbc4a\" data-element_type=\"column\" data-e-type=\"column\">\n\t\t\t<div class=\"elementor-widget-wrap elementor-element-populated\">\n\t\t\t\t\t\t\t<\/div>\n\t\t<\/div>\n\t\t\t\t\t<\/div>\n\t\t<\/section>\n\t\t\t\t<section class=\"elementor-section elementor-top-section elementor-element elementor-element-99a5696 elementor-section-boxed elementor-section-height-default elementor-section-height-default\" data-id=\"99a5696\" data-element_type=\"section\" data-e-type=\"section\">\n\t\t\t\t\t\t<div class=\"elementor-container elementor-column-gap-default\">\n\t\t\t\t\t<div class=\"elementor-column elementor-col-100 elementor-top-column elementor-element elementor-element-fb97c3f\" data-id=\"fb97c3f\" data-element_type=\"column\" data-e-type=\"column\">\n\t\t\t<div class=\"elementor-widget-wrap\">\n\t\t\t\t\t\t\t<\/div>\n\t\t<\/div>\n\t\t\t\t\t<\/div>\n\t\t<\/section>\n\t\t\t\t<section class=\"elementor-section elementor-top-section elementor-element elementor-element-109cd6c elementor-section-height-min-height elementor-section-items-stretch elementor-section-content-top elementor-section-boxed elementor-section-height-default\" data-id=\"109cd6c\" data-element_type=\"section\" data-e-type=\"section\">\n\t\t\t\t\t\t<div class=\"elementor-container elementor-column-gap-wider\">\n\t\t\t\t\t<div class=\"elementor-column elementor-col-100 elementor-top-column elementor-element elementor-element-e5975d7 elementor-invisible\" data-id=\"e5975d7\" data-element_type=\"column\" data-e-type=\"column\" data-settings=\"{&quot;background_background&quot;:&quot;classic&quot;,&quot;animation&quot;:&quot;fadeInLeft&quot;,&quot;background_motion_fx_motion_fx_scrolling&quot;:&quot;yes&quot;,&quot;background_motion_fx_devices&quot;:[&quot;desktop&quot;,&quot;tablet&quot;,&quot;mobile&quot;]}\">\n\t\t\t<div class=\"elementor-widget-wrap elementor-element-populated\">\n\t\t\t\t\t<div class=\"elementor-background-overlay\"><\/div>\n\t\t\t\t\t\t<div class=\"elementor-element elementor-element-8839f8f elementor-widget__width-inherit elementor-invisible elementor-widget elementor-widget-text-editor\" data-id=\"8839f8f\" data-element_type=\"widget\" data-e-type=\"widget\" data-settings=\"{&quot;_animation&quot;:&quot;fadeInLeft&quot;}\" data-widget_type=\"text-editor.default\">\n\t\t\t\t<div class=\"elementor-widget-container\">\n\t\t\t\t\t\t\t\t\t<p style=\"text-align: center;\">hi<\/p><p style=\"text-align: center;\">sch\u00f6n, dass du auf meiner seite vorbei schaust. hier entsteht gerade eine rezept- und infosammlung zum thema <span style=\"color: #ffffff;\">AllesGlutenfrei.<\/span> s\u00e4mtliche rezepte sind so aufgebaut dass es eine basisversion gibt, die eine kreativversion nach eigenem gusto erm\u00f6glicht.<\/p><p style=\"text-align: center;\">viel spass beim st\u00f6bern und ausprobieren. herzlichst, regina<\/p>\t\t\t\t\t\t\t\t<\/div>\n\t\t\t\t<\/div>\n\t\t\t\t\t<\/div>\n\t\t<\/div>\n\t\t\t\t\t<\/div>\n\t\t<\/section>\n\t\t\t\t<\/div>\n\t\t","protected":false},"excerpt":{"rendered":"<p>hi sch\u00f6n, dass du auf meiner seite vorbei schaust. hier entsteht gerade eine rezept- und infosammlung zum thema AllesGlutenfrei. s\u00e4mtliche rezepte sind so aufgebaut dass es eine basisversion gibt, die eine kreativversion nach eigenem gusto erm\u00f6glicht. viel spass beim st\u00f6bern und ausprobieren. herzlichst, regina<\/p>\n","protected":false},"author":1,"featured_media":0,"parent":0,"menu_order":0,"comment_status":"closed","ping_status":"closed","template":"elementor_header_footer","meta":{"footnotes":""},"class_list":["post-18","page","type-page","status-publish","hentry"],"_links":{"self":[{"href":"https:\/\/glutenfrei.reginabruetsch.de\/index.php\/wp-json\/wp\/v2\/pages\/18","targetHints":{"allow":["GET"]}}],"collection":[{"href":"https:\/\/glutenfrei.reginabruetsch.de\/index.php\/wp-json\/wp\/v2\/pages"}],"about":[{"href":"https:\/\/glutenfrei.reginabruetsch.de\/index.php\/wp-json\/wp\/v2\/types\/page"}],"author":[{"embeddable":true,"href":"https:\/\/glutenfrei.reginabruetsch.de\/index.php\/wp-json\/wp\/v2\/users\/1"}],"replies":[{"embeddable":true,"href":"https:\/\/glutenfrei.reginabruetsch.de\/index.php\/wp-json\/wp\/v2\/comments?post=18"}],"version-history":[{"count":68,"href":"https:\/\/glutenfrei.reginabruetsch.de\/index.php\/wp-json\/wp\/v2\/pages\/18\/revisions"}],"predecessor-version":[{"id":298,"href":"https:\/\/glutenfrei.reginabruetsch.de\/index.php\/wp-json\/wp\/v2\/pages\/18\/revisions\/298"}],"wp:attachment":[{"href":"https:\/\/glutenfrei.reginabruetsch.de\/index.php\/wp-json\/wp\/v2\/media?parent=18"}],"curies":[{"name":"wp","href":"https:\/\/api.w.org\/{rel}","templated":true}]}}